{"id":1009,"date":"2020-09-26T01:31:02","date_gmt":"2020-09-26T04:31:02","guid":{"rendered":"https:\/\/inspampadelinfierno-cha.infd.edu.ar\/sitio\/?page_id=1009"},"modified":"2020-09-26T01:31:02","modified_gmt":"2020-09-26T04:31:02","slug":"la-transversalidad-de-la-educacion-artistica-y-las-nuevas-tecnologias","status":"publish","type":"page","link":"https:\/\/inspampadelinfierno-cha.infd.edu.ar\/sitio\/la-transversalidad-de-la-educacion-artistica-y-las-nuevas-tecnologias\/","title":{"rendered":"La transversalidad de la educaci\u00f3n art\u00edstica y las nuevas tecnolog\u00edas"},"content":{"rendered":"","protected":false},"excerpt":{"rendered":"","protected":false},"author":19,"featured_media":0,"parent":0,"menu_order":0,"comment_status":"closed","ping_status":"closed","template":"","meta":[],"acf":[],"_links":{"self":[{"href":"https:\/\/inspampadelinfierno-cha.infd.edu.ar\/sitio\/wp-json\/wp\/v2\/pages\/1009"}],"collection":[{"href":"https:\/\/inspampadelinfierno-cha.infd.edu.ar\/sitio\/wp-json\/wp\/v2\/pages"}],"about":[{"href":"https:\/\/inspampadelinfierno-cha.infd.edu.ar\/sitio\/wp-json\/wp\/v2\/types\/page"}],"author":[{"embeddable":true,"href":"https:\/\/inspampadelinfierno-cha.infd.edu.ar\/sitio\/wp-json\/wp\/v2\/users\/19"}],"replies":[{"embeddable":true,"href":"https:\/\/inspampadelinfierno-cha.infd.edu.ar\/sitio\/wp-json\/wp\/v2\/comments?post=1009"}],"version-history":[{"count":1,"href":"https:\/\/inspampadelinfierno-cha.infd.edu.ar\/sitio\/wp-json\/wp\/v2\/pages\/1009\/revisions"}],"predecessor-version":[{"id":1011,"href":"https:\/\/inspampadelinfierno-cha.infd.edu.ar\/sitio\/wp-json\/wp\/v2\/pages\/1009\/revisions\/1011"}],"wp:attachment":[{"href":"https:\/\/inspampadelinfierno-cha.infd.edu.ar\/sitio\/wp-json\/wp\/v2\/media?parent=1009"}],"curies":[{"name":"wp","href":"https:\/\/api.w.org\/{rel}","templated":true}]}}