{"id":782,"date":"2018-08-30T13:47:31","date_gmt":"2018-08-30T16:47:31","guid":{"rendered":"https:\/\/inspampadelinfierno-cha.infd.edu.ar\/sitio\/historia\/"},"modified":"2025-05-28T15:38:10","modified_gmt":"2025-05-28T18:38:10","slug":"historia","status":"publish","type":"page","link":"https:\/\/inspampadelinfierno-cha.infd.edu.ar\/sitio\/historia\/","title":{"rendered":"Historia"},"content":{"rendered":"\n<p>HISTORIA DEL INSTITUTO:<\/p>\n\n\n\n<p>Breve historia de nuestra Instituci\u00f3n.<\/p>\n\n\n\n<p>Pampa del Infierno se encuentra a 259 Km. de la Capital de la Provincial ubicada a la vera de la ruta nacional N\u00ba 16, y cuenta en la actualidad con una poblaci\u00f3n urbana y rural de unos 10.000 habitantes.<\/p>\n\n\n\n<p>En mayo de 1984 el Consejo General de Educaci\u00f3n de la Provincia del Chaco crea el Instituto de Nivel Terciario- Pampa del Infierno respondiendo a las diferentes necesidades entre las que citaremos:<\/p>\n\n\n\n<p>&nbsp;&nbsp; 1. La necesidad de contar con personal docente para la atenci\u00f3n debida del Nivel Primario.<br>&nbsp;&nbsp; 2. La satisfacci\u00f3n de dos cuestiones de importancia como:<\/p>\n\n\n\n<p>\u00b7 Requerimiento del servicio del personal&nbsp;&nbsp; id\u00f3neo en el Nivel Primario.<\/p>\n\n\n\n<p>\u00b7 La posibilidad de dar continuidad en los estudios superiores a los j\u00f3venes de la localidad.<\/p>\n\n\n\n<p>El edificio donde funciono por primera vez pertenec\u00eda a la escuela primaria N\u00ba 111. Fue construido en el a\u00f1o 1934 donde funciono esta escuela hasta la d\u00e9cada del \u201880. Con esta instituci\u00f3n se comparti\u00f3 el edificio durante un periodo hasta que el gobierno le asigno a la escuela primaria un nuevo edificio.<\/p>\n\n\n\n<p>En&nbsp;los \u201880 funciono el Jard\u00edn de Infantes N\u00ba 20 hasta que el Estado Provincial le construyo su edificio propio. Estas son algunas huellas de su paso por este edificio.<\/p>\n\n\n\n<p>Durante un segundo periodo en la d\u00e9cada del 90 se cre\u00f3 la primera escuela secundaria p\u00fablica de la localidad, a quien se le presto el uso diurno del edificio hasta que la Provincia le edifico un nuevo local escolar en otro predio del pueblo.<\/p>\n\n\n\n<p>En diciembre de 1986 egresa el primer grupo de docentes para la ense\u00f1anza primaria.<\/p>\n\n\n\n<p>Desde entonces&nbsp;al ritmo de los cambios en el sistema educativo nacional y provincial el Instituto ha venido desarrollando su tarea de formaci\u00f3n docente y t\u00e9cnica en distintas carreras:<\/p>\n\n\n\n<p>&nbsp;&nbsp;&nbsp; * Formaci\u00f3n de Docentes&nbsp;para el Nivel Primario.<br>&nbsp;&nbsp;&nbsp; * Formaci\u00f3n de Docentes para el Nivel Inicial.<br>&nbsp;&nbsp;&nbsp; * Bibliotecolog\u00eda.<br>&nbsp;&nbsp;&nbsp; * Tecnicatura en Producci\u00f3n y&nbsp;Comercializaci\u00f3n en productos regionales.<br>&nbsp;&nbsp;&nbsp; * Tecnicatura Superior en Trabajo social.<br>&nbsp;&nbsp;&nbsp; * Formaci\u00f3n de Profesores para EGB 3 y Polimodal en Filosof\u00eda (en la actualidad).<br>&nbsp;&nbsp;&nbsp; * Formaci\u00f3n de Profesores para EGB 3 y Polimodal en Historia (en la actualidad).<br>&nbsp;&nbsp;&nbsp; * Profesorado de Educaci\u00f3n Primaria (en la actualidad).<\/p>\n\n\n\n<p>En la actualidad cuenta con una poblaci\u00f3n promedio de 300 alumnos y una planta de 30 docentes. Su \u00e1rea de influencia se registra en localidades vecinas como Concepci\u00f3n del Bermejo, Los Frentones y Pampa de los Guanacos (Sgo. del Estero) y aun hoy es el \u00fanico Instituto de Formaci\u00f3n Docente de la zona oeste de la provincia.<\/p>\n\n\n\n<p>Del instituto han egresado innumerables cohortes de docentes para la ense\u00f1anza primaria y nivel inicial. Despu\u00e9s de la transformaci\u00f3n educativa (a\u00f1o 97) han egresado cuatro cohortes de profesores en Filosof\u00eda, estamos formando la segunda cohorte de profesores en Historia.<\/p>\n\n\n\n<p>El edificio siempre ha sido sostenido por la cooperadora&nbsp;del instituto, La \u00faltima vez que se lo pint\u00f3 fue hace 10 a\u00f1os con pintura al agua. En alguna oportunidad los alumnos pintan sus aulas con recursos propios.<\/p>\n\n\n\n<p>En la actualidad cuenta con&nbsp;9 aulas, un sal\u00f3n biblioteca, sala de profesores, un sector que es secretaria, rector\u00eda y la oficina de la coordinadora pedag\u00f3gica.<\/p>\n\n\n\n<p>Sal\u00f3n aula de 2\u00ba a\u00f1o del Profesorado de Historia en la actualidad. Adem\u00e1s, se utiliza como sal\u00f3n de usos m\u00faltiples, para reuniones de docentes, curso de capacitaci\u00f3n y se lo presta a entidades del pueblo que lo solicitan.<\/p>\n","protected":false},"excerpt":{"rendered":"<p>HISTORIA DEL INSTITUTO: Breve historia de nuestra Instituci\u00f3n. Pampa del Infierno se encuentra a 259 Km. de la Capital de la Provincial ubicada a la vera de la ruta nacional N\u00ba 16, y cuenta en la actualidad con una poblaci\u00f3n urbana y rural de unos 10.000 habitantes. En mayo de 1984 el Consejo General de &#8230; <a title=\"Historia\" class=\"read-more\" href=\"https:\/\/inspampadelinfierno-cha.infd.edu.ar\/sitio\/historia\/\" aria-label=\"More on Historia\">[+]<\/a><\/p>\n","protected":false},"author":9,"featured_media":0,"parent":0,"menu_order":0,"comment_status":"closed","ping_status":"closed","template":"","meta":[],"acf":[],"_links":{"self":[{"href":"https:\/\/inspampadelinfierno-cha.infd.edu.ar\/sitio\/wp-json\/wp\/v2\/pages\/782"}],"collection":[{"href":"https:\/\/inspampadelinfierno-cha.infd.edu.ar\/sitio\/wp-json\/wp\/v2\/pages"}],"about":[{"href":"https:\/\/inspampadelinfierno-cha.infd.edu.ar\/sitio\/wp-json\/wp\/v2\/types\/page"}],"author":[{"embeddable":true,"href":"https:\/\/inspampadelinfierno-cha.infd.edu.ar\/sitio\/wp-json\/wp\/v2\/users\/9"}],"replies":[{"embeddable":true,"href":"https:\/\/inspampadelinfierno-cha.infd.edu.ar\/sitio\/wp-json\/wp\/v2\/comments?post=782"}],"version-history":[{"count":1,"href":"https:\/\/inspampadelinfierno-cha.infd.edu.ar\/sitio\/wp-json\/wp\/v2\/pages\/782\/revisions"}],"predecessor-version":[{"id":1141,"href":"https:\/\/inspampadelinfierno-cha.infd.edu.ar\/sitio\/wp-json\/wp\/v2\/pages\/782\/revisions\/1141"}],"wp:attachment":[{"href":"https:\/\/inspampadelinfierno-cha.infd.edu.ar\/sitio\/wp-json\/wp\/v2\/media?parent=782"}],"curies":[{"name":"wp","href":"https:\/\/api.w.org\/{rel}","templated":true}]}}