{"id":786,"date":"2018-08-30T13:47:32","date_gmt":"2018-08-30T16:47:32","guid":{"rendered":"https:\/\/inspampadelinfierno-cha.infd.edu.ar\/sitio\/ubicacion\/"},"modified":"2025-05-28T14:20:12","modified_gmt":"2025-05-28T17:20:12","slug":"ubicacion","status":"publish","type":"page","link":"https:\/\/inspampadelinfierno-cha.infd.edu.ar\/sitio\/ubicacion\/","title":{"rendered":"Ubicaci\u00f3n"},"content":{"rendered":"\n<div class=\"wp-block-cover alignfull has-parallax has-medium-font-size\"><span aria-hidden=\"true\" class=\"wp-block-cover__background has-contrast-2-background-color has-background-dim\"><\/span><div role=\"img\" class=\"wp-block-cover__image-background wp-image-1130 has-parallax\" style=\"background-position:50% 50%;background-image:url(https:\/\/inspampadelinfierno-cha.infd.edu.ar\/sitio\/wp-content\/uploads\/2025\/05\/Ubicacion.png)\"><\/div><div class=\"wp-block-cover__inner-container\">\n<p class=\"has-text-align-center\"><strong>UBICACI\u00d3N DEL INSTITUTO DE NIVEL TERCIARIO DE PAMPA DEL INFIERNO<\/strong><\/p>\n\n\n\n<p class=\"has-text-align-center has-contrast-background-color has-background\"><a href=\"https:\/\/maps.app.goo.gl\/8oaTcYGZzk1eEksGA\">https:\/\/maps.app.goo.gl\/8oaTcYGZzk1eEksGA<\/a><\/p>\n\n\n\n<p> <\/p>\n\n\n\n<div class=\"wp-block-group is-layout-constrained\">\n<p>Historia del Pueblo<\/p>\n<p>Los textos de geograf\u00eda del a\u00f1o 1920 se\u00ad\u00f1alaban la L\u00ednea proyectada del ferrocarril Avia Terai a Met\u00e1n (Salta) que atraviesa el Fort\u00edn Las Chu\u00f1as y el l\u00edmite de Santiago del Estero, donde la \u00fanica se\u00f1al de pre\u00adsencia humana estaba constituida por dos huellas o caminos ind\u00edgenas que conduc\u00edan a una \u00abgran tolder\u00eda\u00bb, algunos kil\u00f3metros abajo de las actuales es\u00adtaciones de Pampa del Infierno y Los Frentones. Ello significa que hasta entonces no se ten\u00edan referencias m\u00e1s apreciables que las del poblado de los abor\u00edgenes pertenecientes -a juzgar por su localizaci\u00f3n- a las tri\u00adbus mocov\u00edes.<\/p>\n<p>El 13 de marzo de 1924 la Divisi\u00f3n Geodesia del Ministerio de Agricultura encarg\u00f3 al Ingeniero Leandro R. Molinari la mensura de las tierras existentes al Noroeste de la zona de influencia del ra\u00admal Avia Terai-Gancedo, arriba del fundo privado \u00abEl loro blanco\u00bb. Al comenzar esta misi\u00f3n el Ingeniero Molinari fue facultado por la Direcci\u00f3n de Tierras a ubi\u00adcar grupos de 25 familias por cada legua en los espa\u00adcios que juzgara aptos para agricultura; de esta ma\u00adnera se superpuso al diligenciamiento de la mensura la adjudicaci\u00f3n de permisos para poblar, que de acuer\u00addo con el expediente N\u00ba 50676\/1927 beneficiaron a los si\u00adguientes agricultores: Juan Allende, Pablo de Arriort\u00faa, Jos\u00e9 de Arriort\u00faa, Juan Castelli, Juan Cussich, Mart\u00edn Dietrich, Francisco Flesia, Atilio Grosso, Margarita Hofart, Juan Kangol, Juan Laderis, Diego L\u00f3pez, Feli\u00adpe Mart\u00edn, Florencio Medrano, Angel N\u00fa\u00f1ez, Pedro Pura, Carlos Penelli, Antonia Vda. de Rodr\u00edguez. Debe aclararse que los papeles administrativos no cubren todos los nombres de los primeros pobladores, debido a circunstancias imprevistas que causaron en su mo\u00admento comisiones eventuales; el investigador local Guillermo \u00c1vila, ha comprobado por ejemplo, que la solicitud de un lote al fisco firmada por \u00c1ngel Barba Lago en Pampa Grande, data de septiembre de 1924 y consider\u00e1bamos probable que del mismo modo que hayan sido olvidados otros que soportaran no solamente las graves contingencias primerizas sino que se arraigaron dejando descendientes.<\/p>\n<p>No cabe duda, adem\u00e1s, que se hallar\u00edan en for\u00adma dispersa los puesteros inscriptos el a\u00f1o 1925 por los recaudadores del canon de pastaje que llegaron facilitados por la penetraci\u00f3n de las cuadrillas del Ing. Molinari, como ser el puesto Deheza, donde habr\u00edan cavado durante los a\u00f1os 1922\/23 pozos de agua con abundantes napas. En consecuencia, sa\u00adbemos que desde ya estaban afincados: Arnold Gaspar, Bravo Marcial, Deheza Jos\u00e9 M., Dom\u00ednguez Nemesio, L\u00f3pez Zacar\u00edas, L\u00f3pez Clemente, Leguizam\u00f3n Vicente, Ledesma Cleofe, Ledesma Re\u00adyes, Montenegro Maximiliano, Mendoza Denallo, Ruiz Nazario, Ruiz Cariaco, Reyes Juan M. y Rold\u00e1n Victoriano.<\/p>\n<p>El lugar fue bautizado sin ceremonia de ningu\u00adna especie con el nombre de PAMPA DEL INFIERNO debido a las dificultades experimentadas por el in\u00adgeniero Molinari al perforar el suelo en busca de agua potable; el diario \u00abLa Gaceta\u00bb de Tucum\u00e1n recoge esta versi\u00f3n en su ejemplar del 1\u00ba de enero de 1936, a trav\u00e9s de una extensa nota especial en la que se lee el subt\u00edtulo que sigue \u00abEl Ingeniero Molinari calific\u00f3 de infierno al conocer la imposibilidad mo\u00adment\u00e1nea de conseguir agua\u00bb. Sin embargo, dicho profesional en informe del 10 de abril de 1924 hace referencia al \u00abcampo denominado Pampa del Infier\u00adno\u00bb como si el nombre viniera desde tiempos pret\u00e9\u00adritos; otra nota period\u00edstica esta vez correspondien\u00adte al Diario Clar\u00edn de la Capital Federal, edici\u00f3n del 4 de septiembre de 1953, lo vincula con una aventura de Miguel Dur\u00e1n, que al frente de pobladores del chaco santafesino habr\u00eda llegado hasta estas tolder\u00edas confinantes de Campo del Cielo, sufriendo \u00abun in\u00adfierno\u00bb de contrariedades. El sentido del nombre cobra cierto matiz pesimista en los a\u00f1os dif\u00edciles, por ejemplo 1932, cuando la sequ\u00eda y repetidas in\u00advasiones de langostas acrecientan la incertidumbre desde ya mortificante porque el Estado no hab\u00eda cumplido a\u00fan con el compromiso de medir la tierra para adjudicarla a los posesionarios que la estaban abonando con su esfuerzo; y como en 1944, cuando se produce por similares motivos meteorol\u00f3gicos el \u00e9xodo de un centenar de familias de colonos que se dirig\u00edan hacia las colonias El Zapallar (Chaco) y de El Colorado (Formosa). Pero en caso contrario como el a\u00f1o 1936, temporada \u00f3ptima de la producci\u00f3n algodonera, se convierte en timbre de orgullo, porque reafirma a los habitantes en el concepto de que han sabido sobreponerse a la adversidad de la naturaleza.<\/p>\n<p>El Ingeniero Molinari falleci\u00f3 en 1925 sin haber podido elevar el informe de los trabajos efectuados bajo su direcci\u00f3n, que en principio pretend\u00eda abar\u00adcar la zona de influencia del ferrocarril a construir hasta el t\u00e9rmino del territorio Chaque\u00f1o, como se observa en el mapa de la \u00abGeograf\u00eda Econ\u00f3mica del Chaco y Formosa\u00bb de Alberto Carlos Muelle, editada el a\u00f1o 1926. Entretanto proseguir\u00e1 la afluencia de nuevos habitantes en calidad de \u00abintrusos\u201d porque estaban interrumpidos los trabajos de exploraci\u00f3n y mensura, seg\u00fan lo testimonia Armando Carrera en la novela \u00abEl oro blanco\u00bb publicada el a\u00f1o 1927.<\/p>\n<p>La excesiva concentraci\u00f3n de inmigrantes en Charata dio lugar a que numerosas familias fuesen orienta\u00addas hacia Pampa del Infierno por los delegados de la oficina de tierras, donde se les ofrec\u00eda por lo menos la certeza de elegir campos libres de toda ocupaci\u00f3n por los antecedentes trasladados al informe de la mensura definitiva.<\/p>\n<p>Se sabe que, en el a\u00f1o 1927 al abrirse la picada para las v\u00edas f\u00e9rreas, ingresaron como aspirantes de terrenos en el radio de la futura estaci\u00f3n las siguientes personas; Pedro Allende, Cirilo Derotier, Flaud Dinader, Miguel Pechnik, Pascual P\u00e9rez, Pl\u00e1cido S\u00e1nchez, Manuel S\u00e1nchez, Federico Schiav\u00f3n. Flaud hab\u00eda sido hasta ese momento posesionario de un solar en el pueblo de Charata, lo cual da idea de la proyecci\u00f3n que comenzaba a amparar el nombre de Pampa del Infierno.<\/p>\n<p><\/p>\n<\/div>\n<\/div><\/div>\n<!-- \/wp:cover -->","protected":false},"excerpt":{"rendered":"","protected":false},"author":9,"featured_media":0,"parent":0,"menu_order":0,"comment_status":"closed","ping_status":"closed","template":"","meta":[],"acf":[],"_links":{"self":[{"href":"https:\/\/inspampadelinfierno-cha.infd.edu.ar\/sitio\/wp-json\/wp\/v2\/pages\/786"}],"collection":[{"href":"https:\/\/inspampadelinfierno-cha.infd.edu.ar\/sitio\/wp-json\/wp\/v2\/pages"}],"about":[{"href":"https:\/\/inspampadelinfierno-cha.infd.edu.ar\/sitio\/wp-json\/wp\/v2\/types\/page"}],"author":[{"embeddable":true,"href":"https:\/\/inspampadelinfierno-cha.infd.edu.ar\/sitio\/wp-json\/wp\/v2\/users\/9"}],"replies":[{"embeddable":true,"href":"https:\/\/inspampadelinfierno-cha.infd.edu.ar\/sitio\/wp-json\/wp\/v2\/comments?post=786"}],"version-history":[{"count":6,"href":"https:\/\/inspampadelinfierno-cha.infd.edu.ar\/sitio\/wp-json\/wp\/v2\/pages\/786\/revisions"}],"predecessor-version":[{"id":1140,"href":"https:\/\/inspampadelinfierno-cha.infd.edu.ar\/sitio\/wp-json\/wp\/v2\/pages\/786\/revisions\/1140"}],"wp:attachment":[{"href":"https:\/\/inspampadelinfierno-cha.infd.edu.ar\/sitio\/wp-json\/wp\/v2\/media?parent=786"}],"curies":[{"name":"wp","href":"https:\/\/api.w.org\/{rel}","templated":true}]}}