{"id":888,"date":"2020-08-21T14:56:23","date_gmt":"2020-08-21T17:56:23","guid":{"rendered":"https:\/\/inspampadelinfierno-cha.infd.edu.ar\/sitio\/?page_id=888"},"modified":"2020-09-26T01:18:02","modified_gmt":"2020-09-26T04:18:02","slug":"capacitacion","status":"publish","type":"page","link":"https:\/\/inspampadelinfierno-cha.infd.edu.ar\/sitio\/capacitacion\/","title":{"rendered":"CAPACITACI\u00d3N"},"content":{"rendered":"<p>CURSOS DE CAPACITACI\u00d3N 2020<\/p>\n<p>El Instituto de Educaci\u00f3n Superior de Pampa del Infierno ofrece los siguientes cursos de capacitaci\u00f3n para docentes de todos los niveles:<\/p>\n<ol>\n<li>El Uso de obras literarias como recurso de ense\u00f1anza en la formaci\u00f3n docente media y superior<\/li>\n<li>Gesti\u00f3n directiva: Conducci\u00f3n de las instituciones en tiempos de crisis.<\/li>\n<li>La transversalidad de la educaci\u00f3n art\u00edstica y las nuevas tecnolog\u00edas.<\/li>\n<li>La clase en la escuela digital: escuela arcaica con clases virtuales?<\/li>\n<\/ol>\n","protected":false},"excerpt":{"rendered":"<p>CURSOS DE CAPACITACI\u00d3N 2020 El Instituto de Educaci\u00f3n Superior de Pampa del Infierno ofrece los siguientes cursos de capacitaci\u00f3n para docentes de todos los niveles: El Uso de obras literarias como recurso de ense\u00f1anza en la formaci\u00f3n docente media y superior Gesti\u00f3n directiva: Conducci\u00f3n de las instituciones en tiempos de crisis. La transversalidad de la &#8230; <a title=\"CAPACITACI\u00d3N\" class=\"read-more\" href=\"https:\/\/inspampadelinfierno-cha.infd.edu.ar\/sitio\/capacitacion\/\" aria-label=\"More on CAPACITACI\u00d3N\">[+]<\/a><\/p>\n","protected":false},"author":19,"featured_media":0,"parent":0,"menu_order":0,"comment_status":"closed","ping_status":"closed","template":"","meta":[],"acf":[],"_links":{"self":[{"href":"https:\/\/inspampadelinfierno-cha.infd.edu.ar\/sitio\/wp-json\/wp\/v2\/pages\/888"}],"collection":[{"href":"https:\/\/inspampadelinfierno-cha.infd.edu.ar\/sitio\/wp-json\/wp\/v2\/pages"}],"about":[{"href":"https:\/\/inspampadelinfierno-cha.infd.edu.ar\/sitio\/wp-json\/wp\/v2\/types\/page"}],"author":[{"embeddable":true,"href":"https:\/\/inspampadelinfierno-cha.infd.edu.ar\/sitio\/wp-json\/wp\/v2\/users\/19"}],"replies":[{"embeddable":true,"href":"https:\/\/inspampadelinfierno-cha.infd.edu.ar\/sitio\/wp-json\/wp\/v2\/comments?post=888"}],"version-history":[{"count":3,"href":"https:\/\/inspampadelinfierno-cha.infd.edu.ar\/sitio\/wp-json\/wp\/v2\/pages\/888\/revisions"}],"predecessor-version":[{"id":994,"href":"https:\/\/inspampadelinfierno-cha.infd.edu.ar\/sitio\/wp-json\/wp\/v2\/pages\/888\/revisions\/994"}],"wp:attachment":[{"href":"https:\/\/inspampadelinfierno-cha.infd.edu.ar\/sitio\/wp-json\/wp\/v2\/media?parent=888"}],"curies":[{"name":"wp","href":"https:\/\/api.w.org\/{rel}","templated":true}]}}